{"id":3685,"date":"2021-06-18T19:52:06","date_gmt":"2021-06-18T17:52:06","guid":{"rendered":"http:\/\/fischer-systems.de\/?page_id=3685"},"modified":"2021-06-23T13:21:12","modified_gmt":"2021-06-23T11:21:12","slug":"startseite","status":"publish","type":"page","link":"https:\/\/fischer-systems.de\/","title":{"rendered":"Startseite"},"content":{"rendered":"<div id='layer_slider_1'  class='avia-layerslider main_color avia-shadow  avia-builder-el-0  el_before_av_one_third  avia-builder-el-first  container_wrap fullsize'  style='height: 401px;'  ><\/div><div id='after_layer_slider_1'  class='main_color av_default_container_wrap container_wrap fullsize'  ><div class='container av-section-cont-open' ><div class='template-page content  av-content-full alpha units'><div class='post-entry post-entry-type-page post-entry-3685'><div class='entry-content-wrapper clearfix'>\n<div class='flex_column_table av-kq2mvxlj-7648f783324931b91017c93945bd8846 sc-av_one_third av-equal-height-column-flextable'>\n<style type=\"text\/css\" data-created_by=\"avia_inline_auto\" id=\"style-css-av-kq2mvxlj-7648f783324931b91017c93945bd8846\">\n@keyframes av_boxShadowEffect_av-kq2mvxlj-7648f783324931b91017c93945bd8846-column {\n0%   { box-shadow:  0 0 0 0 #636363; opacity: 1; }\n100% { box-shadow:  0 0 5px 0 #636363; opacity: 1; }\n}\n#top .flex_column_table.av-equal-height-column-flextable.av-kq2mvxlj-7648f783324931b91017c93945bd8846{\nmargin-top:60px;\nmargin-bottom:40px;\n}\n.flex_column.av-kq2mvxlj-7648f783324931b91017c93945bd8846{\nbox-shadow: 0 0 5px 0 #636363;\nborder-radius:0px 0px 0px 0px;\npadding:0px 0px 0px 0px;\n}\n<\/style>\n<div  class='flex_column av-kq2mvxlj-7648f783324931b91017c93945bd8846 av_one_third  avia-builder-el-1  el_after_av_layerslider  el_before_av_one_third  avia-builder-el-first  equalboxes first flex_column_table_cell av-equal-height-column av-align-top shadow-not-animated  '     ><p><article  class='iconbox iconbox_top av-kq2mzbgq-9a9ec7d436b6b227cb2965dd3cd7b14e  avia-builder-el-2  el_before_av_button  avia-builder-el-first  main_color'  itemscope=\"itemscope\" itemtype=\"https:\/\/schema.org\/CreativeWork\" ><div class=\"iconbox_content\"><header class=\"entry-content-header\"><div class=\"iconbox_icon heading-color\" aria-hidden='true' data-av_icon='\ue8ab' data-av_iconfont='entypo-fontello'><\/div><h3 class='iconbox_content_title '  itemprop=\"headline\" >IT-Service<\/h3><\/header><div class='iconbox_content_container '  itemprop=\"text\" ><div  class='hr av-d83zkh-c6306a0412d1ab202bd16f362b08f29d hr-default  avia-builder-el-3  avia-builder-el-no-sibling '><span class='hr-inner '><span class=\"hr-inner-style\"><\/span><\/span><\/div>\n<p>Sie suchen einen zuverl\u00e4ssigen und kompetenten Partner, der Ihre IT-Infrastruktur betreut, damit Sie sich vollumf\u00e4nglich auf Ihr operatives Gesch\u00e4ft konzentrieren k\u00f6nnen?<\/p>\n<p>Wir bieten Ihnen einen Full Service f\u00fcr Ihre gesamte IT-Infrastruktur. <br class=\"avia-permanent-lb\" \/><br class=\"avia-permanent-lb\" \/><br class=\"avia-permanent-lb\" \/><br class=\"avia-permanent-lb\" \/><br class=\"avia-permanent-lb\" \/><br class=\"avia-permanent-lb\" \/><br class=\"avia-permanent-lb\" \/><br class=\"avia-permanent-lb\" \/><\/p>\n<\/div><\/div><footer class=\"entry-footer\"><\/footer><\/article><br \/>\n<div  class='avia-button-wrap av-kq2namj9-ac0e64f7a0ebb1cb75cf5bd0288043e3-wrap avia-button-center  avia-builder-el-4  el_after_av_icon_box  avia-builder-el-last '><a href='https:\/\/fischer-systems.de\/?page_id=3336'  class='avia-button av-kq2namj9-ac0e64f7a0ebb1cb75cf5bd0288043e3 avia-icon_select-no avia-size-small avia-position-center avia-color-theme-color'  ><span class='avia_iconbox_title' >Mehr ..<\/span><\/a><\/div><\/p><\/div>\n<div class='av-flex-placeholder'><\/div>\n<style type=\"text\/css\" data-created_by=\"avia_inline_auto\" id=\"style-css-av-d42gol-803e139e179d89bb4c078da8e8a2ae06\">\n@keyframes av_boxShadowEffect_av-d42gol-803e139e179d89bb4c078da8e8a2ae06-column {\n0%   { box-shadow:  0 0 0 0 #636363; opacity: 1; }\n100% { box-shadow:  0 0 5px 0 #636363; opacity: 1; }\n}\n#top .flex_column_table.av-equal-height-column-flextable.av-d42gol-803e139e179d89bb4c078da8e8a2ae06{\nmargin-top:60px;\nmargin-bottom:40px;\n}\n.flex_column.av-d42gol-803e139e179d89bb4c078da8e8a2ae06{\nbox-shadow: 0 0 5px 0 #636363;\nborder-radius:0px 0px 0px 0px;\npadding:0px 0px 0px 0px;\n}\n<\/style>\n<div  class='flex_column av-d42gol-803e139e179d89bb4c078da8e8a2ae06 av_one_third  avia-builder-el-5  el_after_av_one_third  el_before_av_one_third  equalboxes flex_column_table_cell av-equal-height-column av-align-top shadow-not-animated av-zero-column-padding  '     ><article  class='iconbox iconbox_top av-kq2n1spz-3bde04f93436a221529706fff77ca099  avia-builder-el-6  avia-builder-el-no-sibling  main_color'  itemscope=\"itemscope\" itemtype=\"https:\/\/schema.org\/CreativeWork\" ><div class=\"iconbox_content\"><header class=\"entry-content-header\"><div class=\"iconbox_icon heading-color\" aria-hidden='true' data-av_icon='\ue86d' data-av_iconfont='entypo-fontello'><\/div><h3 class='iconbox_content_title '  itemprop=\"headline\" >Datev Umfeld<\/h3><\/header><div class='iconbox_content_container '  itemprop=\"text\" ><div  class='hr av-94q4rl-922c9c3d562dc1ca08b81b6b919c5faa hr-default  avia-builder-el-7  avia-builder-el-no-sibling '><span class='hr-inner '><span class=\"hr-inner-style\"><\/span><\/span><\/div>\n<p>Seit mehr als 20 Jahren betreuen wir Steuerkanzleien und deren Mandanten bei Installation und Wartung der Datev Software und der daf\u00fcr erforderlichen IT-Infrastruktur.<\/p>\n<p>In der Reise in die digitale Zukunft, die sich st\u00e4ndig weiterentwickelt, sind auch die Leistungs- und Kapazit\u00e4tsanforderungen f\u00fcr PC- und Server-Systeme st\u00e4ndig gestiegen.\u00a0 Wir beraten Sie bedarfs- und zukunftsorientiert, unter Ber\u00fccksichtigung neuester Technologien, bei der Anschaffung neuer Hardware.<\/p>\n<p>Lieferung und Installation erhalten Sie von uns aus einer Hand.<\/p>\n<\/div><\/div><footer class=\"entry-footer\"><\/footer><\/article><\/div>\n<div class='av-flex-placeholder'><\/div>\n<style type=\"text\/css\" data-created_by=\"avia_inline_auto\" id=\"style-css-av-anjy6d-b1351b0450b2ba3951bd0c4edb7861fb\">\n@keyframes av_boxShadowEffect_av-anjy6d-b1351b0450b2ba3951bd0c4edb7861fb-column {\n0%   { box-shadow:  0 0 0 0 #636363; opacity: 1; }\n100% { box-shadow:  0 0 5px 0 #636363; opacity: 1; }\n}\n#top .flex_column_table.av-equal-height-column-flextable.av-anjy6d-b1351b0450b2ba3951bd0c4edb7861fb{\nmargin-top:60px;\nmargin-bottom:40px;\n}\n.flex_column.av-anjy6d-b1351b0450b2ba3951bd0c4edb7861fb{\nbox-shadow: 0 0 5px 0 #636363;\nborder-radius:0px 0px 0px 0px;\npadding:0px 0px 20px 0px;\n}\n<\/style>\n<div  class='flex_column av-anjy6d-b1351b0450b2ba3951bd0c4edb7861fb av_one_third  avia-builder-el-8  el_after_av_one_third  el_before_av_hr  equalboxes flex_column_table_cell av-equal-height-column av-align-top shadow-not-animated  '     ><p><article  class='iconbox iconbox_top av-kq2n2zps-e22e551633223c903bb1ba37627cbe14  avia-builder-el-9  el_before_av_button  avia-builder-el-first  main_color'  itemscope=\"itemscope\" itemtype=\"https:\/\/schema.org\/CreativeWork\" ><div class=\"iconbox_content\"><header class=\"entry-content-header\"><div class=\"iconbox_icon heading-color\" aria-hidden='true' data-av_icon='\ue922' data-av_iconfont='entypo-fontello'><\/div><h3 class='iconbox_content_title '  itemprop=\"headline\" >Design Software<\/h3><\/header><div class='iconbox_content_container '  itemprop=\"text\" ><div  class='hr av-205dm9-041e771bfb586ee5ec449c8de0c27975 hr-default  avia-builder-el-10  avia-builder-el-no-sibling '><span class='hr-inner '><span class=\"hr-inner-style\"><\/span><\/span><\/div>\n<p>Unsere Design Software \u201eDesign NT\u201c erm\u00f6glicht die komfortable Entwicklung von Jacquardgeweben in unterschiedlichsten Anwendungsbereichen. \u00a0M\u00f6belstoffe, Dekostoffe, Damast Tischw\u00e4sche und auch Webteppiche k\u00f6nnen beginnend vom Design bis hin zur technischen Aufbereitung der Steuerdaten f\u00fcr die Webmaschine entwickelt werden. Die Steuerdaten k\u00f6nnen anschlie\u00dfend f\u00fcr alle namhaften Jacquard- und Webmaschinenhersteller aufbereitet und im Idealfall bei vorhandener Netzwerkanbindung direkt mit unserer Software \u201eLoomNet\u201c zur Webmaschine \u00fcbertragen werden.<\/p>\n<\/div><\/div><footer class=\"entry-footer\"><\/footer><\/article><br \/>\n<div  class='avia-button-wrap av-kq2nbbz5-37e9739445cf516dfd5e2310a222ca6a-wrap avia-button-center  avia-builder-el-11  el_after_av_icon_box  avia-builder-el-last '><a href='https:\/\/fischer-systems.de\/?page_id=3338'  class='avia-button av-kq2nbbz5-37e9739445cf516dfd5e2310a222ca6a avia-icon_select-no avia-size-small avia-position-center avia-color-theme-color'  ><span class='avia_iconbox_title' >Mehr ..<\/span><\/a><\/div><\/p><\/div><\/div><!--close column table wrapper. Autoclose: 1 --><div  class='hr av-87a0b9-d9891b0799c4d5414c54f5f5bf158540 hr-default  avia-builder-el-12  el_after_av_one_third  el_before_av_one_half '><span class='hr-inner '><span class=\"hr-inner-style\"><\/span><\/span><\/div><\/p>\n<div class='flex_column_table av-n0hdh-4757c77e8cb61a81dc9c99a44ee92348 sc-av_one_half av-equal-height-column-flextable'>\n<style type=\"text\/css\" data-created_by=\"avia_inline_auto\" id=\"style-css-av-n0hdh-4757c77e8cb61a81dc9c99a44ee92348\">\n@keyframes av_boxShadowEffect_av-n0hdh-4757c77e8cb61a81dc9c99a44ee92348-column {\n0%   { box-shadow:  0 0 0 0 #636363; opacity: 1; }\n100% { box-shadow:  0 0 5px 0 #636363; opacity: 1; }\n}\n#top .flex_column_table.av-equal-height-column-flextable.av-n0hdh-4757c77e8cb61a81dc9c99a44ee92348{\nmargin-top:60px;\nmargin-bottom:40px;\n}\n.flex_column.av-n0hdh-4757c77e8cb61a81dc9c99a44ee92348{\nbox-shadow: 0 0 5px 0 #636363;\nborder-radius:0px 0px 0px 0px;\npadding:0px 0px 0px 0px;\n}\n<\/style>\n<div  class='flex_column av-n0hdh-4757c77e8cb61a81dc9c99a44ee92348 av_one_half  avia-builder-el-13  el_after_av_hr  el_before_av_one_half  equalboxes first flex_column_table_cell av-equal-height-column av-align-top shadow-not-animated av-zero-column-padding  '     ><article  class='iconbox iconbox_top av-kq2n3voh-80710a5863f07f16ce529e2e2bc28965  avia-builder-el-14  avia-builder-el-no-sibling  main_color'  itemscope=\"itemscope\" itemtype=\"https:\/\/schema.org\/CreativeWork\" ><div class=\"iconbox_content\"><header class=\"entry-content-header\"><div class=\"iconbox_icon heading-color\" aria-hidden='true' data-av_icon='\ue855' data-av_iconfont='entypo-fontello'><\/div><h3 class='iconbox_content_title '  itemprop=\"headline\" >Service & Support<\/h3><\/header><div class='iconbox_content_container '  itemprop=\"text\" ><p><div  class='hr av-78hn4h-707cb922fc6313a09c29151bbb622d96 hr-default  avia-builder-el-15  avia-builder-el-no-sibling '><span class='hr-inner '><span class=\"hr-inner-style\"><\/span><\/span><\/div>Sollten Sie einmal ein Problem haben und ben\u00f6tigen dringend Hilfe, dann k\u00f6nnen wir Ihnen per Fernwartung schnell Unterst\u00fctzung bieten, Ihr Problem analysieren und wenn m\u00f6glich sofort eine L\u00f6sung finden.<\/p>\n<p><span class=\"av-icon-char\" style=\"font-size:16px;line-height:14px;\" aria-hidden=\"true\" data-av_icon=\"\ue854\" data-av_iconfont=\"entypo-fontello\">  <\/span>09252 \/ 9965-20<br \/>\n\u2709 <a href=\"mailto:support@fischer-systems.de\">support@fischer-systems.de<\/a><\/p>\n<\/div><\/div><footer class=\"entry-footer\"><\/footer><\/article><\/div>\n<div class='av-flex-placeholder'><\/div>\n<style type=\"text\/css\" data-created_by=\"avia_inline_auto\" id=\"style-css-av-44r8c5-839e140a6a9b0b05c470a4f3ba7dfd6e\">\n@keyframes av_boxShadowEffect_av-44r8c5-839e140a6a9b0b05c470a4f3ba7dfd6e-column {\n0%   { box-shadow:  0 0 0 0 #636363; opacity: 1; }\n100% { box-shadow:  0 0 5px 0 #636363; opacity: 1; }\n}\n#top .flex_column_table.av-equal-height-column-flextable.av-44r8c5-839e140a6a9b0b05c470a4f3ba7dfd6e{\nmargin-top:60px;\nmargin-bottom:40px;\n}\n.flex_column.av-44r8c5-839e140a6a9b0b05c470a4f3ba7dfd6e{\nbox-shadow: 0 0 5px 0 #636363;\nborder-radius:0px 0px 0px 0px;\npadding:0px 0px 0px 0px;\n}\n<\/style>\n<div  class='flex_column av-44r8c5-839e140a6a9b0b05c470a4f3ba7dfd6e av_one_half  avia-builder-el-16  el_after_av_one_half  avia-builder-el-last  equalboxes flex_column_table_cell av-equal-height-column av-align-top shadow-not-animated av-zero-column-padding  '     ><article  class='iconbox iconbox_top av-kq2n6bxi-a5f0f107db8ffaae57d2e2978fe10c2a  avia-builder-el-17  avia-builder-el-no-sibling  main_color'  itemscope=\"itemscope\" itemtype=\"https:\/\/schema.org\/CreativeWork\" ><div class=\"iconbox_content\"><header class=\"entry-content-header\"><div class=\"iconbox_icon heading-color\" aria-hidden='true' data-av_icon='\ue80b' data-av_iconfont='entypo-fontello'><\/div><h3 class='iconbox_content_title '  itemprop=\"headline\" >Unsere Philosophie<\/h3><\/header><div class='iconbox_content_container '  itemprop=\"text\" ><div  class='hr av-205dm9-041e771bfb586ee5ec449c8de0c27975 hr-default  avia-builder-el-18  avia-builder-el-no-sibling '><span class='hr-inner '><span class=\"hr-inner-style\"><\/span><\/span><\/div>\n<p>Wir streben eine langfristige und vertrauensvolle Partnerschaft mit unseren Kunden an. Das kann uns jedoch nur gelingen, wenn wir eine perfekte Arbeit abliefern, die im Dialog mit Ihnen spezifizierten Ziele zu Ihrer vollsten Zufriedenheit realisieren und Sie nach der Projektumsetzung mit Ihrem IT-System effizient und st\u00f6rungsfrei arbeiten k\u00f6nnen.<\/p>\n<\/div><\/div><footer class=\"entry-footer\"><\/footer><\/article><\/div><\/div><!--close column table wrapper. Autoclose: 1 -->\n","protected":false},"excerpt":{"rendered":"","protected":false},"author":1,"featured_media":0,"parent":0,"menu_order":0,"comment_status":"closed","ping_status":"closed","template":"","meta":{"footnotes":""},"class_list":["post-3685","page","type-page","status-publish","hentry"],"_links":{"self":[{"href":"https:\/\/fischer-systems.de\/index.php?rest_route=\/wp\/v2\/pages\/3685","targetHints":{"allow":["GET"]}}],"collection":[{"href":"https:\/\/fischer-systems.de\/index.php?rest_route=\/wp\/v2\/pages"}],"about":[{"href":"https:\/\/fischer-systems.de\/index.php?rest_route=\/wp\/v2\/types\/page"}],"author":[{"embeddable":true,"href":"https:\/\/fischer-systems.de\/index.php?rest_route=\/wp\/v2\/users\/1"}],"replies":[{"embeddable":true,"href":"https:\/\/fischer-systems.de\/index.php?rest_route=%2Fwp%2Fv2%2Fcomments&post=3685"}],"version-history":[{"count":24,"href":"https:\/\/fischer-systems.de\/index.php?rest_route=\/wp\/v2\/pages\/3685\/revisions"}],"predecessor-version":[{"id":3919,"href":"https:\/\/fischer-systems.de\/index.php?rest_route=\/wp\/v2\/pages\/3685\/revisions\/3919"}],"wp:attachment":[{"href":"https:\/\/fischer-systems.de\/index.php?rest_route=%2Fwp%2Fv2%2Fmedia&parent=3685"}],"curies":[{"name":"wp","href":"https:\/\/api.w.org\/{rel}","templated":true}]}}