{"id":1167,"date":"2013-04-05T13:33:38","date_gmt":"2013-04-05T13:33:38","guid":{"rendered":"http:\/\/www.kriesi.at\/themes\/enfold\/?page_id=1167"},"modified":"2021-06-20T13:41:10","modified_gmt":"2021-06-20T11:41:10","slug":"contact","status":"publish","type":"page","link":"https:\/\/fischer-systems.de\/?page_id=1167","title":{"rendered":"Kontakt"},"content":{"rendered":"\n<style type=\"text\/css\" data-created_by=\"avia_inline_auto\" id=\"style-css-av-kprdj29n-b6662c72d66f6f7fe123ef3d7f32a7fe\">\n.flex_column.av-kprdj29n-b6662c72d66f6f7fe123ef3d7f32a7fe{\nborder-radius:0px 0px 0px 0px;\npadding:0px 0px 0px 0px;\n}\n<\/style>\n<div  class='flex_column av-kprdj29n-b6662c72d66f6f7fe123ef3d7f32a7fe av_one_full  avia-builder-el-0  el_before_av_one_full  avia-builder-el-first  first flex_column_div av-zero-column-padding  '     ><div  class='av_gmaps_sc_main_wrap av_gmaps_main_wrap '><div id='av_gmap_0' class='avia-google-map-container avia-google-map-sc av_gmaps_show_unconditionally av-no-fallback-img ' data-mapid='av_gmap_0'  style='padding-bottom: 56.25%;'><a class=\"av_gmaps_browser_disabled av_text_confirm_link av_text_confirm_link_visible\" href=\"https:\/\/www.google.com\/maps\/search\/?api=1&#038;query=Dr.%20Martin-Luther-Str.%2018%2095233%20Helmbrechts%20Bitte%20w\u00e4hlen%20Sie%20Region,%20Land%20oder%20Bundesland%20Deutschland\" target=\"_blank\" rel=\"noopener\">Aufgrund deiner Datenschutz-Einstellungen k\u00f6nnen wir Ihnen die Karte nicht anzeigen. Klicken Sie hier, um die Karte in einem neuen Fenster zu \u00f6ffnen.<\/a><\/div><\/div><\/div>\n\n<style type=\"text\/css\" data-created_by=\"avia_inline_auto\" id=\"style-css-av-3lr8hb-528476a9b6494c3e1ab98f52c77d6033\">\n.flex_column.av-3lr8hb-528476a9b6494c3e1ab98f52c77d6033{\nborder-radius:0px 0px 0px 0px;\npadding:0px 0px 0px 0px;\n}\n<\/style>\n<div  class='flex_column av-3lr8hb-528476a9b6494c3e1ab98f52c77d6033 av_one_full  avia-builder-el-2  el_after_av_one_full  el_before_av_one_full  first flex_column_div av-zero-column-padding  column-top-margin'     ><style type=\"text\/css\" data-created_by=\"avia_inline_auto\" id=\"style-css-av-kq52iz8x-7d5fa0243a5857cabe9d54457f25ee7b\">\n.avia-image-container.av-kq52iz8x-7d5fa0243a5857cabe9d54457f25ee7b img.avia_image{\nbox-shadow:none;\n}\n.avia-image-container.av-kq52iz8x-7d5fa0243a5857cabe9d54457f25ee7b .av-image-caption-overlay-center{\ncolor:#ffffff;\n}\n<\/style>\n<div  class='avia-image-container av-kq52iz8x-7d5fa0243a5857cabe9d54457f25ee7b av-styling- avia-align-center  avia-builder-el-3  avia-builder-el-no-sibling '   itemprop=\"image\" itemscope=\"itemscope\" itemtype=\"https:\/\/schema.org\/ImageObject\" ><div class=\"avia-image-container-inner\"><div class=\"avia-image-overlay-wrap\"><img decoding=\"async\" class='wp-image-3751 avia-img-lazy-loading-not-3751 avia_image ' src=\"https:\/\/fischer-systems.de\/wp-content\/uploads\/2021\/06\/Gebaeude-1.png\" alt='' title='Ingenieurb\u00fcro Fischer'  height=\"561\" width=\"1600\"  itemprop=\"thumbnailUrl\" srcset=\"https:\/\/fischer-systems.de\/wp-content\/uploads\/2021\/06\/Gebaeude-1.png 1600w, https:\/\/fischer-systems.de\/wp-content\/uploads\/2021\/06\/Gebaeude-1-300x105.png 300w, https:\/\/fischer-systems.de\/wp-content\/uploads\/2021\/06\/Gebaeude-1-1030x361.png 1030w, https:\/\/fischer-systems.de\/wp-content\/uploads\/2021\/06\/Gebaeude-1-768x269.png 768w, https:\/\/fischer-systems.de\/wp-content\/uploads\/2021\/06\/Gebaeude-1-1536x539.png 1536w, https:\/\/fischer-systems.de\/wp-content\/uploads\/2021\/06\/Gebaeude-1-1500x526.png 1500w, https:\/\/fischer-systems.de\/wp-content\/uploads\/2021\/06\/Gebaeude-1-705x247.png 705w, https:\/\/fischer-systems.de\/wp-content\/uploads\/2021\/06\/Gebaeude-1-1210x423.png 1210w\" sizes=\"(max-width: 1600px) 100vw, 1600px\" \/><\/div><\/div><\/div><\/div>\n<style type=\"text\/css\" data-created_by=\"avia_inline_auto\" id=\"style-css-av-fqg1jz-271c18b55036e4771b4d554da04ac815\">\n.flex_column.av-fqg1jz-271c18b55036e4771b4d554da04ac815{\nborder-radius:0px 0px 0px 0px;\npadding:0px 0px 0px 0px;\n}\n<\/style>\n<div  class='flex_column av-fqg1jz-271c18b55036e4771b4d554da04ac815 av_one_full  avia-builder-el-4  el_after_av_one_full  el_before_av_one_full  first flex_column_div av-zero-column-padding  column-top-margin'     ><p>\n<style type=\"text\/css\" data-created_by=\"avia_inline_auto\" id=\"style-css-av-euucrj-19a17bf7b016fc03888bc13778a6f768\">\n#top .av-special-heading.av-euucrj-19a17bf7b016fc03888bc13778a6f768{\npadding-bottom:10px;\n}\nbody .av-special-heading.av-euucrj-19a17bf7b016fc03888bc13778a6f768 .av-special-heading-tag .heading-char{\nfont-size:25px;\n}\n.av-special-heading.av-euucrj-19a17bf7b016fc03888bc13778a6f768 .av-subheading{\nfont-size:15px;\n}\n<\/style>\n<div  class='av-special-heading av-euucrj-19a17bf7b016fc03888bc13778a6f768 av-special-heading-h3 meta-heading  avia-builder-el-5  el_before_av_textblock  avia-builder-el-first '><h3 class='av-special-heading-tag'  itemprop=\"headline\"  >Ingenieurb\u00fcro Fischer<\/h3><div class=\"special-heading-border\"><div class=\"special-heading-inner-border\"><\/div><\/div><\/div><br \/>\n<section  class='av_textblock_section av-ch207j-a32200264bcfb2c8649df04fca633665 '   itemscope=\"itemscope\" itemtype=\"https:\/\/schema.org\/CreativeWork\" ><div class='avia_textblock'  itemprop=\"text\" ><p>Dr. Martin-Luther-Str. 18<br \/>\n95233 Helmbrechts<\/p>\n<p>\u2709 info@fischer-systems.de<br \/>\n\u260f 09252 \/ 9965-0<\/p>\n<\/div><\/section><\/p><\/div><\/p>\n\n<style type=\"text\/css\" data-created_by=\"avia_inline_auto\" id=\"style-css-av-36ojfz-fe78627db2d00b04acb93b66b3d1e38c\">\n.flex_column.av-36ojfz-fe78627db2d00b04acb93b66b3d1e38c{\nborder-radius:0px 0px 0px 0px;\npadding:0px 0px 0px 0px;\n}\n<\/style>\n<div  class='flex_column av-36ojfz-fe78627db2d00b04acb93b66b3d1e38c av_one_full  avia-builder-el-7  el_after_av_one_full  el_before_av_one_full  first flex_column_div av-zero-column-padding  column-top-margin'     ><form action=\"https:\/\/fischer-systems.de\/?page_id=1167\" method=\"post\" data-fields-with-error=\"Found errors in the following field(s):\" class=\"avia_ajax_form av-form-labels-visible   avia-builder-el-8  avia-builder-el-no-sibling   \" data-avia-form-id=\"1\" data-avia-redirect='' ><h3 class=''>Kontaktformular<\/h3><fieldset><p class='  first_form  form_element form_element_half' id='element_avia_1_1'><label for=\"avia_1_1\">Name <abbr class=\"required\" title=\"ben\u00f6tigt\">*<\/abbr><\/label> <input name=\"avia_1_1\" class=\"text_input is_empty\" type=\"text\" id=\"avia_1_1\" value=\"\" \/><\/p><p class='  form_element form_element_half' id='element_avia_2_1'><label for=\"avia_2_1\">E-Mail <abbr class=\"required\" title=\"ben\u00f6tigt\">*<\/abbr><\/label> <input name=\"avia_2_1\" class=\"text_input is_email\" type=\"text\" id=\"avia_2_1\" value=\"\" \/><\/p><p class='  first_form  form_element form_fullwidth' id='element_avia_3_1'><label for=\"avia_3_1\">Betreff <abbr class=\"required\" title=\"ben\u00f6tigt\">*<\/abbr><\/label> <input name=\"avia_3_1\" class=\"text_input is_empty\" type=\"text\" id=\"avia_3_1\" value=\"\" \/><\/p><p class='  first_form  form_element form_fullwidth' id='element_avia_4_1'><label for=\"avia_4_1\" class=\"textare_label hidden textare_label_avia_4_1\">Nachricht <abbr class=\"required\" title=\"ben\u00f6tigt\">*<\/abbr><\/label><textarea  name=\"avia_4_1\" class=\"text_area is_empty\" cols=\"40\" rows=\"7\" id=\"avia_4_1\" ><\/textarea><\/p><p class=\"hidden\"><input type=\"text\" name=\"avia_5_1\" class=\"hidden \" id=\"avia_5_1\" value=\"\" \/><\/p><p class=' av_form_privacy_check av_contact_privacy_check first_form  form_element form_fullwidth' id='element_avia_6_1'><input  name=\"avia_6_1\" class=\"input_checkbox is_empty\" type=\"checkbox\" id=\"avia_6_1\" value=\"true\"\/><label class=\"input_checkbox_label\" for=\"avia_6_1\">Ich stimme zu, dass meine Angaben aus dem Kontaktformular zur Beantwortung meiner Anfrage erhoben und verarbeitet werden. Die Daten werden nach abgeschlossener Bearbeitung Ihrer Anfrage gel\u00f6scht. Hinweis: Sie k\u00f6nnen Ihre Einwilligung jederzeit f\u00fcr die Zukunft per E-Mail unter info@fischer-systems.de widerrufen. Detaillierte Informationen zum Umgang mit Nutzerdaten finden Sie in unserer <a href=\"http:\/\/fischer-systems.de\/?page_id=3272\">Datenschutzerkl\u00e4rung<\/a>. <abbr class=\"required\" title=\"ben\u00f6tigt\">*<\/abbr><\/label><\/p><p class=\"form_element \"><input type=\"hidden\" value=\"1\" name=\"avia_generated_form1\" \/><input type=\"submit\" value=\"Senden\" class=\"button\"  data-sending-label=\"Sende\"\/><\/p><\/fieldset><\/form><div id=\"ajaxresponse_1\" class=\"ajaxresponse ajaxresponse_1 hidden\"><\/div><\/div>\n\n<style type=\"text\/css\" data-created_by=\"avia_inline_auto\" id=\"style-css-av-321cxb-50746e2baa6b9662af794c27f880b6ff\">\n.flex_column.av-321cxb-50746e2baa6b9662af794c27f880b6ff{\nborder-radius:0px 0px 0px 0px;\npadding:0px 0px 0px 0px;\n}\n<\/style>\n<div  class='flex_column av-321cxb-50746e2baa6b9662af794c27f880b6ff av_one_full  avia-builder-el-9  el_after_av_one_full  avia-builder-el-last  first flex_column_div av-zero-column-padding  column-top-margin'     ><\/div>\n","protected":false},"excerpt":{"rendered":"","protected":false},"author":1,"featured_media":0,"parent":0,"menu_order":0,"comment_status":"open","ping_status":"open","template":"","meta":{"footnotes":""},"class_list":["post-1167","page","type-page","status-publish","hentry"],"_links":{"self":[{"href":"https:\/\/fischer-systems.de\/index.php?rest_route=\/wp\/v2\/pages\/1167","targetHints":{"allow":["GET"]}}],"collection":[{"href":"https:\/\/fischer-systems.de\/index.php?rest_route=\/wp\/v2\/pages"}],"about":[{"href":"https:\/\/fischer-systems.de\/index.php?rest_route=\/wp\/v2\/types\/page"}],"author":[{"embeddable":true,"href":"https:\/\/fischer-systems.de\/index.php?rest_route=\/wp\/v2\/users\/1"}],"replies":[{"embeddable":true,"href":"https:\/\/fischer-systems.de\/index.php?rest_route=%2Fwp%2Fv2%2Fcomments&post=1167"}],"version-history":[{"count":31,"href":"https:\/\/fischer-systems.de\/index.php?rest_route=\/wp\/v2\/pages\/1167\/revisions"}],"predecessor-version":[{"id":3767,"href":"https:\/\/fischer-systems.de\/index.php?rest_route=\/wp\/v2\/pages\/1167\/revisions\/3767"}],"wp:attachment":[{"href":"https:\/\/fischer-systems.de\/index.php?rest_route=%2Fwp%2Fv2%2Fmedia&parent=1167"}],"curies":[{"name":"wp","href":"https:\/\/api.w.org\/{rel}","templated":true}]}}